{"id":674,"date":"2020-07-10T14:30:57","date_gmt":"2020-07-10T13:30:57","guid":{"rendered":"https:\/\/pagoli.com\/resolucao-alternativa-de-litigios\/"},"modified":"2020-10-01T17:17:13","modified_gmt":"2020-10-01T16:17:13","slug":"reglement-alternatif-des-litiges","status":"publish","type":"page","link":"https:\/\/pagoli.com\/fr\/reglement-alternatif-des-litiges\/","title":{"rendered":"R\u00e8glement Alternatif des Litiges"},"content":{"rendered":"\n<p>De acordo com a Lei n\u00ba 144\/2015 informamos que em caso de lit\u00edgio, o foro competente para onde o consumidor poder\u00e1 recorrer, ser\u00e1:<\/p>\n\n\n\n<h2 class=\"wp-block-heading\">Centro de Arbitragem de Conflitos de Consumo &#8211; Porto (CICAP)<\/h2>\n\n\n\n<p>Morada: Rua Dami\u00e3o de G\u00f3is, 31, Loja 6, 4050-225, Porto<br>E-mail:\u00a0<a href=\"mailto:cicap@cicap.pt\">cicap@cicap.pt<\/a><br>Telefone: 225 508 349<br>Website: <a rel=\"noreferrer noopener\" href=\"http:\/\/www.cicap.pt\/\" target=\"_blank\">www.cicap.pt<\/a><br>Mais informa\u00e7\u00f5es em Portal do Consumidor www.consumidor.pt <br><\/p>\n","protected":false},"excerpt":{"rendered":"<p>De acordo com a Lei n\u00ba 144\/2015 informamos que em caso de lit\u00edgio, o foro competente para onde o consumidor poder\u00e1 recorrer, ser\u00e1: Centro de [&hellip;]<\/p>\n","protected":false},"author":1,"featured_media":0,"parent":0,"menu_order":0,"comment_status":"closed","ping_status":"closed","template":"","meta":{"footnotes":""},"class_list":["post-674","page","type-page","status-publish","hentry"],"_links":{"self":[{"href":"https:\/\/pagoli.com\/fr\/wp-json\/wp\/v2\/pages\/674","targetHints":{"allow":["GET"]}}],"collection":[{"href":"https:\/\/pagoli.com\/fr\/wp-json\/wp\/v2\/pages"}],"about":[{"href":"https:\/\/pagoli.com\/fr\/wp-json\/wp\/v2\/types\/page"}],"author":[{"embeddable":true,"href":"https:\/\/pagoli.com\/fr\/wp-json\/wp\/v2\/users\/1"}],"replies":[{"embeddable":true,"href":"https:\/\/pagoli.com\/fr\/wp-json\/wp\/v2\/comments?post=674"}],"version-history":[{"count":2,"href":"https:\/\/pagoli.com\/fr\/wp-json\/wp\/v2\/pages\/674\/revisions"}],"predecessor-version":[{"id":731,"href":"https:\/\/pagoli.com\/fr\/wp-json\/wp\/v2\/pages\/674\/revisions\/731"}],"wp:attachment":[{"href":"https:\/\/pagoli.com\/fr\/wp-json\/wp\/v2\/media?parent=674"}],"curies":[{"name":"wp","href":"https:\/\/api.w.org\/{rel}","templated":true}]}}