{"id":667,"date":"2020-07-03T17:38:18","date_gmt":"2020-07-03T16:38:18","guid":{"rendered":"https:\/\/pagoli.com\/politica-de-privacidade\/"},"modified":"2020-10-01T15:02:21","modified_gmt":"2020-10-01T14:02:21","slug":"privacy-policy","status":"publish","type":"page","link":"https:\/\/pagoli.com\/en\/privacy-policy\/","title":{"rendered":"Privacy policy"},"content":{"rendered":"\n<h2 class=\"wp-block-heading\"><strong>QUEM SOMOS?<\/strong><\/h2>\n\n\n\n<p>A Pagoli C\u00e1psulas Lda. (doravante Pagoli) \u00e9 uma empresa que atua na \u00e1rea do fabrico de c\u00e1psulas para garrafas.<\/p>\n\n\n\n<p>A Pagoli est\u00e1 empenhada em proteger a privacidade dos seus Clientes e Fornecedores, bem como da informa\u00e7\u00e3o contratual de que disp\u00f5e e, neste contexto, elaborou a presente Pol\u00edtica de Privacidade com a finalidade de demonstrar o seu compromisso e respeito para com as regras de privacidade e de prote\u00e7\u00e3o de dados pessoais.<\/p>\n\n\n\n<h2 class=\"wp-block-heading\"><strong>PORQU\u00ca ESTA POL\u00cdTICA DE PRIVACIDADE?<\/strong><\/h2>\n\n\n\n<p>Esta Pol\u00edtica de Privacidade surge porque pretendemos dar a conhecer aos nossos Clientes e Fornecedores as regras gerais de privacidade e tratamento dos seus dados pessoais, que recolhemos e tratamos no estrito respeito e cumprimento da Lei de Prote\u00e7\u00e3o de Dados Pessoais.<\/p>\n\n\n\n<p>A Pagoli respeita as melhores pr\u00e1ticas no dom\u00ednio da seguran\u00e7a e da prote\u00e7\u00e3o dos dados pessoais, tendo para o efeito aprovado uma pol\u00edtica, capaz de acautelar a prote\u00e7\u00e3o dos dados que nos s\u00e3o disponibilizados por todos aqueles que de alguma forma se relacionam com a Empresa.<\/p>\n\n\n\n<p>Neste contexto, a Pagoli, disp\u00f5e na sua equipa de um respons\u00e1vel pela implementa\u00e7\u00e3o e verifica\u00e7\u00e3o desta Pol\u00edtica de Privacidade bem como, pela defini\u00e7\u00e3o de regras claras de tratamento de dados pessoais, assegurando que todos os que nos confiam o tratamento dos seus dados pessoais, tenham conhecimento da forma como a Empresa trata os dados e quais os direitos que lhes assistem nesta mat\u00e9ria.<\/p>\n\n\n\n<p>As regras previstas nesta Pol\u00edtica de Privacidade complementam as disposi\u00e7\u00f5es, em mat\u00e9ria de prote\u00e7\u00e3o e tratamento de dados pessoais, previstas nos contratos que os Clientes e Fornecedores celebram com a Pagoli.<\/p>\n\n\n\n<p>Leia por favor esta Pol\u00edtica de Privacidade com aten\u00e7\u00e3o pois, ao contratar os nossos servi\u00e7os e\/ou nos fornecer produtos e servi\u00e7os, a disponibiliza\u00e7\u00e3o dos seus dados pessoais implica o conhecimento e aceita\u00e7\u00e3o das condi\u00e7\u00f5es aqui constantes. Assim, ao disponibilizar os seus dados pessoais, est\u00e1 a autorizar a recolha, uso e divulga\u00e7\u00e3o dos mesmos de acordo com as regras aqui definidas.<\/p>\n\n\n\n<h2 class=\"wp-block-heading\"><strong>O QUE ABRANGE ESTA POL\u00cdTICA DE PRIVACIDADE?<\/strong><\/h2>\n\n\n\n<p>Esta Pol\u00edtica de Privacidade aplica-se exclusivamente \u00e0 recolha e tratamento de dados pessoais efetuados pela Pagoli.<\/p>\n\n\n\n<h2 class=\"wp-block-heading\"><strong>O QUE S\u00c3O DADOS PESSOAIS?<\/strong><\/h2>\n\n\n\n<p>Quando nos referimos a dados pessoais referimo-nos a qualquer informa\u00e7\u00e3o, de qualquer natureza e independentemente do respetivo suporte, incluindo som e imagem, relativa a uma pessoa singular identificada ou identific\u00e1vel.<\/p>\n\n\n\n<p>\u00c9 considerada identific\u00e1vel a pessoa que possa ser identificada direta ou indiretamente, designadamente por refer\u00eancia a um n\u00famero de identifica\u00e7\u00e3o ou a um ou mais elementos espec\u00edficos da sua identidade f\u00edsica, fisiol\u00f3gica, ps\u00edquica, econ\u00f3mica, cultural ou social.<\/p>\n\n\n\n<h2 class=\"wp-block-heading\"><strong>QUEM \u00c9 O RESPONS\u00c1VEL PELO TRATAMENTO DE DADOS?<\/strong><\/h2>\n\n\n\n<p>A Pagoli \u00e9 respons\u00e1vel pela recolha e tratamento dos dados pessoais dos seus Clientes e Fornecedores, decidindo quais os dados recolhidos, os meios de tratamento dos dados e para que finalidades s\u00e3o utilizados.<\/p>\n\n\n\n<h2 class=\"wp-block-heading\"><strong>QUE TIPO DE DADOS PESSOAIS RECOLHEMOS?<\/strong><\/h2>\n\n\n\n<p>A Pagoli, no \u00e2mbito da sua atividade, procede \u00e0 recolha e ao tratamento dos dados pessoais necess\u00e1rios \u00e0 presta\u00e7\u00e3o dos seus servi\u00e7os, tratando nesse \u00e2mbito dados como o nome, a morada, o n\u00famero de telefone, o endere\u00e7o de correio eletr\u00f3nico e n\u00famero fiscal.<\/p>\n\n\n\n<p>Caso exista consentimento para tal, os seus dados ser\u00e3o utilizados tamb\u00e9m para o envio de newsletters e\/ou question\u00e1rios de qualidade, bem como para eventuais campanhas de marketing que a Empresa venha a levar a cabo e oferta de servi\u00e7os que a Pagoli entenda adequados para cada cliente, caso em que se aplicar\u00e3o as regras desta Pol\u00edtica de Privacidade<\/p>\n\n\n\n<h2 class=\"wp-block-heading\"><strong>QUANDO E COMO RECOLHEMOS OS SEUS DADOS?<\/strong><\/h2>\n\n\n\n<p>A Pagoli recolhe os seus dados por telefone, por escrito, presencialmente ou atrav\u00e9s de e-mail, para efeitos contratuais, para cumprimento de obriga\u00e7\u00f5es legais ou mediante o seu consentimento.<\/p>\n\n\n\n<p>Por regra, os dados pessoais s\u00e3o recolhidos aquando da contrata\u00e7\u00e3o dos nossos servi\u00e7os ou na sequ\u00eancia da execu\u00e7\u00e3o dos mesmos.<\/p>\n\n\n\n<p>Alguns dados pessoais s\u00e3o de fornecimento obrigat\u00f3rio e, em caso de falta ou insufici\u00eancia desses dados, a Pagoli n\u00e3o poder\u00e1 prestar os seus servi\u00e7os, pelo que informar\u00e1 os Clientes da natureza obrigat\u00f3ria do fornecimento dos dados.<\/p>\n\n\n\n<p>Se n\u00e3o \u00e9 Cliente da Pagoli, os seus dados apenas ser\u00e3o tratados se os disponibilizar \u00e0 Pagoli, designadamente, se consentir no envio de newsletters e contacto para eventuais campanhas de marketing que a Pagoli venha a levar a cabo, caso em que se aplicar\u00e3o as regras desta Pol\u00edtica de Privacidade.<\/p>\n\n\n\n<p>Os dados pessoais recolhidos s\u00e3o tratados informaticamente e no estrito cumprimento da legisla\u00e7\u00e3o de prote\u00e7\u00e3o de dados pessoais, sendo armazenados em bases de dados espec\u00edficas, criadas para o efeito e, em situa\u00e7\u00e3o alguma, os dados recolhidos ser\u00e3o utilizados para outra finalidade que n\u00e3o seja aquela para a qual foi dado o consentimento por parte do titular dos dados.<\/p>\n\n\n\n<h2 class=\"wp-block-heading\"><strong>QUAIS AS FINALIDADES DO TRATAMENTO DOS DADOS PESSOAIS?<\/strong><\/h2>\n\n\n\n<p>Em geral, os dados pessoais recolhidos destinam-se \u00e0 gest\u00e3o da rela\u00e7\u00e3o contratual, \u00e0 presta\u00e7\u00e3o dos servi\u00e7os contratados, ao cumprimento de obriga\u00e7\u00f5es legais, \u00e0 adequa\u00e7\u00e3o dos servi\u00e7os \u00e0s necessidades e interesses do Cliente ou Fornecedor.<\/p>\n\n\n\n<p>Poder\u00e1, no entanto, disponibilizar-nos dados pessoais para outras finalidades, tais como para os efeitos do envio de reclama\u00e7\u00f5es e sugest\u00f5es, difus\u00e3o de informa\u00e7\u00f5es institucionais e\/ou dar a conhecer campanhas, promo\u00e7\u00f5es, publicidade e not\u00edcias sobre os produtos e\/ou servi\u00e7os da Pagoli, para a realiza\u00e7\u00e3o de estudos de mercado, inqu\u00e9ritos de avalia\u00e7\u00e3o.<\/p>\n\n\n\n<p>Por ocasi\u00e3o da recolha dos dados ser-lhe-\u00e3o prestadas informa\u00e7\u00f5es mais detalhadas sobre a utiliza\u00e7\u00e3o que daremos aos seus dados.<\/p>\n\n\n\n<h2 class=\"wp-block-heading\"><strong>POR QUANTO TEMPO CONSERVAMOS OS SEUS DADOS PESSOAIS?<\/strong><\/h2>\n\n\n\n<p>O per\u00edodo de tempo durante o qual os dados s\u00e3o armazenados e conservados varia de acordo com a finalidade para a qual a informa\u00e7\u00e3o \u00e9 tratada.<\/p>\n\n\n\n<p>Efetivamente, existem requisitos legais que obrigam a conservar os dados por um per\u00edodo de tempo m\u00ednimo. Assim, e sempre que n\u00e3o exista uma exig\u00eancia legal especifica, os dados ser\u00e3o armazenados e conservados apenas pelo per\u00edodo m\u00ednimo necess\u00e1rio para as finalidades que motivaram a sua recolha ou o seu posterior tratamento, enquanto se mantiver o seu consentimento, ou pelo per\u00edodo de tempo autorizado pela Comiss\u00e3o Nacional de Prote\u00e7\u00e3o de Dados, findo o qual os mesmos ser\u00e3o eliminados.<\/p>\n\n\n\n<h2 class=\"wp-block-heading\"><strong>COMO PODER\u00c1 ACEDER, RETIFICAR, MODIFICAR, ATUALIZAR OU OPOR-SE AO TRATAMENTO DOS SEUS DADOS PESSOAIS?<\/strong><\/h2>\n\n\n\n<p>Nos termos da Lei de Prote\u00e7\u00e3o de Dados Pessoais, \u00e9 garantido ao titular dos dados, o direito de acesso, atualiza\u00e7\u00e3o, retifica\u00e7\u00e3o ou elimina\u00e7\u00e3o dos seus dados pessoais, o que poder\u00e1 ter lugar atrav\u00e9s dos v\u00e1rios contactos que a Pagoli disponibiliza.:<\/p>\n\n\n\n<p>Morada: Travessa Dr. Manuel Ramos, 208, 4416-457 Grij\u00f3<\/p>\n\n\n\n<p>Telefone: 227 470 900<\/p>\n\n\n\n<p>E-mail:&nbsp; <a href=\"mailto:dpo@pagoli.com\">dpo@pagoli.com<\/a><\/p>\n\n\n\n<h2 class=\"wp-block-heading\"><strong>COMO PODE OPOR-SE \u00c0 RECEP\u00c7\u00c3O DE CONTACTOS PARA FINS DE MARKETING?<\/strong><\/h2>\n\n\n\n<p>A Pagoli pode promover ac\u00e7\u00f5es de divulga\u00e7\u00e3o junto dos seus Clientes e Fornecedores que para tal tenham dado consentimento de novos produtos ou servi\u00e7os, atrav\u00e9s de telefone, e-mail, CTT, SMS, MMS ou qualquer outro servi\u00e7o de comunica\u00e7\u00f5es eletr\u00f3nicas.<\/p>\n\n\n\n<p>Caso tenha dado o seu consentimento, mas deixe de pretender rececionar estas comunica\u00e7\u00f5es, pode opor-se, a qualquer momento, \u00e0 utiliza\u00e7\u00e3o dos seus dados para fins de marketing, para o envio de comunica\u00e7\u00f5es informativas ou \u00e0 inclus\u00e3o em listas ou servi\u00e7os informativos.<\/p>\n\n\n\n<h2 class=\"wp-block-heading\"><strong>QUAIS AS MEDIDAS ADOPTADAS PELO PAGOLI PARA ASSEGURAR A SEGURAN\u00c7A DOS SEUS DADOS PESSOAIS?<\/strong><\/h2>\n\n\n\n<p>A Pagoli assume o compromisso de garantir a prote\u00e7\u00e3o da seguran\u00e7a dos dados pessoais que nos s\u00e3o disponibilizados, tendo aprovado e implementado rigorosas regras nesta mat\u00e9ria. O cumprimento destas regras constitui uma obriga\u00e7\u00e3o indeclin\u00e1vel de todos aqueles que legalmente aos mesmos acedem.<\/p>\n\n\n\n<p>Tendo presente a grande preocupa\u00e7\u00e3o e empenho que a Pagoli revela na defesa das quest\u00f5es de privacidade, foram adotadas diversas medidas de seguran\u00e7a, de car\u00e1cter t\u00e9cnico e organizativo, de forma a proteger os dados pessoais que nos s\u00e3o disponibilizados contra a sua difus\u00e3o, perda, uso indevido, altera\u00e7\u00e3o, tratamento ou acesso n\u00e3o autorizado bem como, contra qualquer outra forma de tratamento il\u00edcito.<\/p>\n\n\n\n<p>Neste sentido, todos os dados pessoais que nos cede sobre si, ficam armazenados de forma segura nos sistemas da Pagoli que, por sua vez, se encontram num Datacenter da pr\u00f3pria Empresa a coberto de todas as medidas de seguran\u00e7a f\u00edsicas e l\u00f3gicas, que entendemos serem indispens\u00e1veis \u00e0 prote\u00e7\u00e3o dos seus dados pessoais.<\/p>\n\n\n\n<h2 class=\"wp-block-heading\"><strong>EM QUE CIRCUNST\u00c2NCIAS EXISTE COMUNICA\u00c7\u00c3O DE DADOS A OUTRAS ENTIDADES (TERCEIROS E SUBCONTRATADOS)?<\/strong><\/h2>\n\n\n\n<p>A Pagoli, no \u00e2mbito da sua atividade, poder\u00e1 recorrer a terceiros para a presta\u00e7\u00e3o de determinados servi\u00e7os. Por vezes, a presta\u00e7\u00e3o destes servi\u00e7os implica o acesso, por estas entidades, a dados pessoais dos nossos Clientes. Quando tal sucede, a Pagoli toma as medidas adequadas, de forma a assegurar que as entidades que tenham acesso aos dados, s\u00e3o reputadas e oferecem as mais elevadas garantias a este n\u00edvel, o que ficar\u00e1 devidamente consagrado e acautelado em contrato a assinar entre a Pagoli e a(s) terceira(s) entidade(s).<\/p>\n\n\n\n<p>Assim, qualquer entidade subcontratada pela Pagoli tratar\u00e1 os dados pessoais dos nossos Clientes, em nome e por conta da Pagoli na obriga\u00e7\u00e3o de adotar as medidas t\u00e9cnicas e organizacionais necess\u00e1rias de forma a proteger os dados pessoais contra a destrui\u00e7\u00e3o, acidental ou il\u00edcita, a perda acidental, a altera\u00e7\u00e3o, a difus\u00e3o ou o acesso n\u00e3o autorizado e contra qualquer outra forma de tratamento il\u00edcito.<\/p>\n\n\n\n<p>Em qualquer dos casos, a Pagoli permanece respons\u00e1vel pelos dados pessoais que nos disponibilize.<\/p>\n\n\n\n<h2 class=\"wp-block-heading\"><strong>PRIVACIDADE DE MENORES (CRIAN\u00c7AS E JOVENS)<\/strong><\/h2>\n\n\n\n<p>A Pagoli est\u00e1 empenhada em proteger a privacidade de crian\u00e7as e n\u00e3o pretende recolher dados pessoais de menores.<\/p>\n\n\n\n<h2 class=\"wp-block-heading\"><strong>COMO PODE FICAR A CONHECER QUAISQUER ALTERA\u00c7\u00d5ES \u00c0 POL\u00cdTICA DE PRIVACIDADE DA PAGOLI<\/strong><\/h2>\n\n\n\n<p>A Pagoli reserva-se o direito de, a qualquer altura, proceder a reajustamentos ou altera\u00e7\u00f5es \u00e0 presente Pol\u00edtica de Privacidade, sendo essas altera\u00e7\u00f5es devidamente publicitadas e comunicadas aos nossos Clientes e Fornecedores.<\/p>\n\n\n\n<h2 class=\"wp-block-heading\"><strong>O NOSSO CONTACTO<\/strong><\/h2>\n\n\n\n<p>Se tiver quaisquer perguntas ou coment\u00e1rios relativos \u00e0 nossa pol\u00edtica de privacidade, escreva-nos para o endere\u00e7o: <a href=\"mailto:dpo.contabilidade@grupovb.pt\" target=\"_blank\" rel=\"noreferrer noopener\">dpo @pagoli.com<\/a>.<\/p>\n\n\n\n<h2 class=\"wp-block-heading\"><strong>CONSENTIMENTO DO TITULAR DOS DADOS<\/strong><\/h2>\n\n\n\n<p>Ao contratar os nossos servi\u00e7os e\/ou ser nosso fornecedor confirma que aceita os termos desta Pol\u00edtica de Privacidade.<\/p>\n\n\n\n<h2 class=\"wp-block-heading\"><strong>DIREITO DE APRESENTAR RECLAMA\u00c7\u00c3O JUNTO DA AUTORIDADE DE CONTROLO:<\/strong><\/h2>\n\n\n\n<p>Caso o titular dos dados considere terem sido violadas as regras previstas no Regulamento Geral de Protec\u00e7\u00e3o de Dados, tem o direito e poder\u00e1 apresentar reclama\u00e7\u00e3o junto da autoridade de controlo, que passa a identificar-se:<\/p>\n\n\n\n<p><strong>Comiss\u00e3o Nacional de Protec\u00e7\u00e3o de Dados [CNPD]:<\/strong><\/p>\n\n\n\n<p>Morada: Rua de S\u00e3o Bento, n.\u00ba 148, 3\u00ba, 1200-821 Lisboa<\/p>\n\n\n\n<p>Telefone: 213928400<\/p>\n\n\n\n<p>Fax: 213976832<\/p>\n\n\n\n<h2 class=\"wp-block-heading\">COOKIES<\/h2>\n\n\n\n<figure class=\"wp-block-table alignleft is-style-stripes\"><table><thead><tr><th>Id. Cookie<\/th><th>Armazenamento<\/th><th>Per\u00edodo de Reten\u00e7\u00e3o<\/th><th>Finalidade<\/th><\/tr><\/thead><tbody><tr><td>cookieConsent<\/td><td>cookie<\/td><td>1 ano<\/td><td>Guardar prefer\u00eancias de cookies<\/td><\/tr><tr><td>_ga<\/td><td>cookie<\/td><td>2 anos<\/td><td>Usado para distinguir utilizadores<\/td><\/tr><tr><td>_gid<\/td><td>cookie<\/td><td>24 horas<\/td><td>Usado para distinguir utilizadores<\/td><\/tr><tr><td>_gat<\/td><td>cookie<\/td><td>1 minuto<\/td><td>Usado para controlar a taxa de solicita\u00e7\u00e3o<\/td><\/tr><tr><td>wp-wpml_current_language<\/td><td>cookie<\/td><td>24 horas<\/td><td>Guarda a l\u00edngua atual<\/td><\/tr><tr><td>wp-wpml_current_admin_language_{hash}<\/td><td>cookie<\/td><td>24 horas<\/td><td>Guarda a l\u00edngua atual da \u00e1rea de administra\u00e7\u00e3o do WordPress.<\/td><\/tr><tr><td>liveagent_ptid<\/td><td>cookie<\/td><td>3652 dias<\/td><td>Webchat<\/td><\/tr><tr><td>liveagent_oref<\/td><td>cookie<\/td><td>3652 dias<\/td><td>Webchat<\/td><\/tr><tr><td>liveagent_vc<\/td><td>cookie<\/td><td>3652 dias<\/td><td>Webchat<\/td><\/tr><tr><td>UserMatchHistory<\/td><td>cookie<\/td><td>30 dias<\/td><td>Usado para an\u00e1lise de utilizadores do LinkedIn Insights e Tags de an\u00fancios<\/td><\/tr><tr><td>sl<\/td><td>cookie<\/td><td>365 dias<\/td><td>Usado pelo linkedin seguir o utilizador<\/td><\/tr><tr><td>spectroscopyId<\/td><td>cookie<\/td><td>Sess\u00e3o<\/td><td>Cookie \u00e9 utilizado para rastrear visitantes provenientes do LinkedIn, para que an\u00fancios mais relevantes possam ser apresentados com base nas prefer\u00eancias do visitante.<br>O principal objetivo deste cookie \u00e9: Segmenta\u00e7\u00e3o \/ Publicidade<\/td><\/tr><tr><td>li_at<\/td><td>cookie<\/td><td>365 dias<\/td><td><\/td><\/tr><tr><td>AMCV_{#}@AdobeOrg<\/td><td>cookie<\/td><td>731 dias<\/td><td>Este cookie cont\u00e9m o Experience Cloud ID (MID) e um ID de regi\u00e3o para visitantes do site<\/td><\/tr><tr><td>JSESSIONID<\/td><td>cookie<\/td><td>365 dias<\/td><td>Cookie usado para Entrar com o Linkedin e \/ ou para o recurso de acompanhamento do Linkedin<\/td><\/tr><tr><td>bscookie<\/td><td>cookie<\/td><td>731 dias<\/td><td>Cookie seguro de ID do navegador<\/td><\/tr><tr><td>lidc<\/td><td>cookie<\/td><td>1 minuto<\/td><td>Usado para roteamento para permitir ao LinkedIn ativar a funcionalidade de login, acompanhar o comportamento do usu\u00e1rio e reunir an\u00e1lises de publicidade.<\/td><\/tr><tr><td>lang<\/td><td>cookie<\/td><td>Sess\u00e3o<\/td><td>Guarda prefer\u00eancia de idioma<\/td><\/tr><tr><td>li_oatml<\/td><td>cookie<\/td><td>30 dias<\/td><td>Usado para an\u00e1lise de utilizadores do LinkedIn Insights e Tags de an\u00fancios<\/td><\/tr><tr><td>UserMatchHistory<\/td><td>cookie<\/td><td>30 dias<\/td><td>Usado para an\u00e1lise de utilizadores do LinkedIn Insights e Tags de an\u00fancios<\/td><\/tr><tr><td>lang<\/td><td>cookie<\/td><td>Sess\u00e3o<\/td><td>Guarda prefer\u00eancia de idioma<\/td><\/tr><\/tbody><\/table><\/figure>\n","protected":false},"excerpt":{"rendered":"<p>QUEM SOMOS? A Pagoli C\u00e1psulas Lda. (doravante Pagoli) \u00e9 uma empresa que atua na \u00e1rea do fabrico de c\u00e1psulas para garrafas. A Pagoli est\u00e1 empenhada [&hellip;]<\/p>\n","protected":false},"author":1,"featured_media":264,"parent":0,"menu_order":0,"comment_status":"closed","ping_status":"closed","template":"","meta":{"footnotes":""},"class_list":["post-667","page","type-page","status-publish","has-post-thumbnail","hentry"],"_links":{"self":[{"href":"https:\/\/pagoli.com\/en\/wp-json\/wp\/v2\/pages\/667","targetHints":{"allow":["GET"]}}],"collection":[{"href":"https:\/\/pagoli.com\/en\/wp-json\/wp\/v2\/pages"}],"about":[{"href":"https:\/\/pagoli.com\/en\/wp-json\/wp\/v2\/types\/page"}],"author":[{"embeddable":true,"href":"https:\/\/pagoli.com\/en\/wp-json\/wp\/v2\/users\/1"}],"replies":[{"embeddable":true,"href":"https:\/\/pagoli.com\/en\/wp-json\/wp\/v2\/comments?post=667"}],"version-history":[{"count":2,"href":"https:\/\/pagoli.com\/en\/wp-json\/wp\/v2\/pages\/667\/revisions"}],"predecessor-version":[{"id":690,"href":"https:\/\/pagoli.com\/en\/wp-json\/wp\/v2\/pages\/667\/revisions\/690"}],"wp:featuredmedia":[{"embeddable":true,"href":"https:\/\/pagoli.com\/en\/wp-json\/wp\/v2\/media\/264"}],"wp:attachment":[{"href":"https:\/\/pagoli.com\/en\/wp-json\/wp\/v2\/media?parent=667"}],"curies":[{"name":"wp","href":"https:\/\/api.w.org\/{rel}","templated":true}]}}